{"id":243,"date":"2024-03-29T17:24:58","date_gmt":"2024-03-29T17:24:58","guid":{"rendered":"https:\/\/www.blaettler-holzbildhauer.ch\/wp1\/?page_id=243"},"modified":"2024-03-29T17:48:02","modified_gmt":"2024-03-29T17:48:02","slug":"home","status":"publish","type":"page","link":"https:\/\/www.blaettler-holzbildhauer.ch\/wp1\/","title":{"rendered":"Herzlich willkommen!"},"content":{"rendered":"\n<p class=\"has-text-align-left\">Die Werkstatt f\u00fcr spezielle, aussergew\u00f6hnliche Projekte.<\/p>\n\n\n\n<figure class=\"wp-block-image size-full\"><img loading=\"lazy\" decoding=\"async\" width=\"640\" height=\"480\" src=\"https:\/\/www.blaettler-holzbildhauer.ch\/wp1\/wp-content\/uploads\/2024\/03\/home02.jpg\" alt=\"\" class=\"wp-image-235\" srcset=\"https:\/\/www.blaettler-holzbildhauer.ch\/wp1\/wp-content\/uploads\/2024\/03\/home02.jpg 640w, https:\/\/www.blaettler-holzbildhauer.ch\/wp1\/wp-content\/uploads\/2024\/03\/home02-300x225.jpg 300w\" sizes=\"auto, (max-width: 640px) 100vw, 640px\" \/><\/figure>\n\n\n\n<p>Luft-Feuer-Erde-Wasser<\/p>\n\n\n\n<p>Von der traditionellen Schnitzerei bis zur modernen, abstrakten Skulptur f\u00fcr die Garten- oder Parkgestaltung, von der kleinen bis zur monumentalen Bildhauerei bin ich Ihr Ansprechpartner.<\/p>\n\n\n\n<p>Die Gestaltung von ganzen Baumst\u00e4mmen, egal in welcher Gr\u00f6sse, ist eine besondere Leidenschaft von mir.<\/p>\n\n\n\n<p>Speziell empfehle ich mich f\u00fcr Berufs- und Gesch\u00e4fts-Skulpturen. Eine Skulptur mit Ihrem Firmen-Logo oder einem extra daf\u00fcr entworfenem Sujet ist ein auff\u00e4lliger Blickfang f\u00fcr Ihr Gesch\u00e4ft !<\/p>\n","protected":false},"excerpt":{"rendered":"<p>Die Werkstatt f\u00fcr spezielle, aussergew\u00f6hnliche Projekte. Luft-Feuer-Erde-Wasser Von der traditionellen Schnitzerei bis zur modernen, abstrakten Skulptur f\u00fcr die Garten- oder Parkgestaltung, von der kleinen bis zur monumentalen Bildhauerei bin ich Ihr Ansprechpartner. Die Gestaltung von ganzen Baumst\u00e4mmen, egal in welcher Gr\u00f6sse, ist eine besondere Leidenschaft von mir. Speziell empfehle ich mich f\u00fcr Berufs- und Gesch\u00e4fts-Skulpturen. [&hellip;]<\/p>\n","protected":false},"author":1,"featured_media":0,"parent":0,"menu_order":0,"comment_status":"closed","ping_status":"closed","template":"","meta":{"footnotes":""},"class_list":["post-243","page","type-page","status-publish","hentry"],"_links":{"self":[{"href":"https:\/\/www.blaettler-holzbildhauer.ch\/wp1\/wp-json\/wp\/v2\/pages\/243","targetHints":{"allow":["GET"]}}],"collection":[{"href":"https:\/\/www.blaettler-holzbildhauer.ch\/wp1\/wp-json\/wp\/v2\/pages"}],"about":[{"href":"https:\/\/www.blaettler-holzbildhauer.ch\/wp1\/wp-json\/wp\/v2\/types\/page"}],"author":[{"embeddable":true,"href":"https:\/\/www.blaettler-holzbildhauer.ch\/wp1\/wp-json\/wp\/v2\/users\/1"}],"replies":[{"embeddable":true,"href":"https:\/\/www.blaettler-holzbildhauer.ch\/wp1\/wp-json\/wp\/v2\/comments?post=243"}],"version-history":[{"count":5,"href":"https:\/\/www.blaettler-holzbildhauer.ch\/wp1\/wp-json\/wp\/v2\/pages\/243\/revisions"}],"predecessor-version":[{"id":295,"href":"https:\/\/www.blaettler-holzbildhauer.ch\/wp1\/wp-json\/wp\/v2\/pages\/243\/revisions\/295"}],"wp:attachment":[{"href":"https:\/\/www.blaettler-holzbildhauer.ch\/wp1\/wp-json\/wp\/v2\/media?parent=243"}],"curies":[{"name":"wp","href":"https:\/\/api.w.org\/{rel}","templated":true}]}}